{"id":1038,"date":"2023-03-08T10:32:11","date_gmt":"2023-03-08T10:32:11","guid":{"rendered":"https:\/\/evaexpand.com\/?page_id=1038"},"modified":"2023-03-08T10:46:17","modified_gmt":"2023-03-08T10:46:17","slug":"protecciones-y-seguridad-2","status":"publish","type":"page","link":"https:\/\/evaexpand.com\/index.php\/protecciones-y-seguridad-2\/","title":{"rendered":"Protecciones y Seguridad"},"content":{"rendered":"\n<p>Material id\u00f3neo para la protecci\u00f3n de cualquier parte del cuerpo de una persona.<\/p>\n\n\n\n<p>Tambi\u00e9n protege partes sensibles, gracias a su esponjosidad y diferentes densidades y durezas.<\/p>\n\n\n\n<p>Puede ayudar a redirigir o se\u00f1alizar el trafico.<\/p>\n\n\n\nngg_shortcode_0_placeholder\n","protected":false},"excerpt":{"rendered":"<p>Material id\u00f3neo para la protecci\u00f3n de cualquier parte del cuerpo de una persona. Tambi\u00e9n protege partes sensibles, gracias a su [&hellip;]<\/p>\n","protected":false},"author":1,"featured_media":0,"parent":0,"menu_order":0,"comment_status":"closed","ping_status":"closed","template":"","meta":{"om_disable_all_campaigns":false,"_monsterinsights_skip_tracking":false,"_monsterinsights_sitenote_active":false,"_monsterinsights_sitenote_note":"","_monsterinsights_sitenote_category":0,"ngg_post_thumbnail":0,"footnotes":""},"class_list":["post-1038","page","type-page","status-publish","hentry"],"aioseo_notices":[],"_links":{"self":[{"href":"https:\/\/evaexpand.com\/index.php\/wp-json\/wp\/v2\/pages\/1038","targetHints":{"allow":["GET"]}}],"collection":[{"href":"https:\/\/evaexpand.com\/index.php\/wp-json\/wp\/v2\/pages"}],"about":[{"href":"https:\/\/evaexpand.com\/index.php\/wp-json\/wp\/v2\/types\/page"}],"author":[{"embeddable":true,"href":"https:\/\/evaexpand.com\/index.php\/wp-json\/wp\/v2\/users\/1"}],"replies":[{"embeddable":true,"href":"https:\/\/evaexpand.com\/index.php\/wp-json\/wp\/v2\/comments?post=1038"}],"version-history":[{"count":3,"href":"https:\/\/evaexpand.com\/index.php\/wp-json\/wp\/v2\/pages\/1038\/revisions"}],"predecessor-version":[{"id":1057,"href":"https:\/\/evaexpand.com\/index.php\/wp-json\/wp\/v2\/pages\/1038\/revisions\/1057"}],"wp:attachment":[{"href":"https:\/\/evaexpand.com\/index.php\/wp-json\/wp\/v2\/media?parent=1038"}],"curies":[{"name":"wp","href":"https:\/\/api.w.org\/{rel}","templated":true}]}}